{"id":2538,"date":"2021-10-19T17:03:52","date_gmt":"2021-10-19T17:03:52","guid":{"rendered":"https:\/\/listinghive.hivepress.io\/?page_id=8"},"modified":"2025-05-04T19:38:52","modified_gmt":"2025-05-04T19:38:52","slug":"home","status":"publish","type":"page","link":"https:\/\/ogloszenia.jaslo.info\/","title":{"rendered":"Home"},"content":{"rendered":"\n<h1 class=\"wp-block-heading has-text-align-center\">Znajd\u017a wszystko, czego potrzebujesz<\/h1>\n\n\n\n<!--more-->\n<!--noteaser-->\n\n\n <form class=\"hp-form--wide hp-form--primary hp-block hp-form hp-form--listing-search\" action=\"https:\/\/ogloszenia.jaslo.info\" method=\"GET\" data-component=\"form\"><div class=\"hp-form__messages\" data-component=\"messages\"><\/div><div class=\"hp-form__fields\"><input type=\"hidden\" name=\"post_type\" value=\"hp_listing\" class=\"hp-field hp-field--hidden\"><input type=\"hidden\" name=\"latitude\" value=\"\" data-coordinate=\"lat\" class=\"hp-field hp-field--hidden\"><input type=\"hidden\" name=\"longitude\" value=\"\" data-coordinate=\"lng\" class=\"hp-field hp-field--hidden\"><div class=\"hp-form__field hp-form__field--search\"><input type=\"search\" name=\"s\" value=\"\" placeholder=\"S\u0142owa kluczowe\" maxlength=\"256\" class=\"hp-field hp-field--search\"><\/div><div class=\"hp-form__field hp-form__field--location\"><div data-format=\"\" data-countries=\"[&quot;PL&quot;]\" data-region-types=\"[&quot;locality&quot;,&quot;administrative_area_level_2&quot;,&quot;administrative_area_level_1&quot;,&quot;country&quot;]\" data-component=\"location\" class=\"hp-field hp-field--location\"><input type=\"text\" name=\"location\" value=\"\" autocomplete=\"off\" placeholder=\"Lokalizacja\" maxlength=\"256\" class=\"hp-field hp-field--text\"><a href=\"#\" title=\"Zlokalizuj mnie\"><i class=\"hp-icon fas fa-location-arrow\"><\/i><\/a><\/div><\/div><div class=\"hp-form__field hp-form__field--select\"><select name=\"_category\" data-component=\"select\" class=\"hp-field hp-field--select\"><option value=\"\">Wszystkie kategorie<\/option><option value=\"29\">Nieruchomo\u015bci<\/option><option value=\"45\" data-level=\"1\" data-parent=\"29\">Sprzedam dom<\/option><option value=\"46\" data-level=\"1\" data-parent=\"29\">Sprzedam mieszkanie<\/option><option value=\"47\" data-level=\"1\" data-parent=\"29\">Wynajm\u0119<\/option><option value=\"48\" data-level=\"1\" data-parent=\"29\">Dzia\u0142ki<\/option><option value=\"49\" data-level=\"1\" data-parent=\"29\">Biura i lokale<\/option><option value=\"50\" data-level=\"1\" data-parent=\"29\">Szukam<\/option><option value=\"38\">Praca<\/option><option value=\"41\" data-level=\"1\" data-parent=\"38\">Dam prac\u0119<\/option><option value=\"42\" data-level=\"1\" data-parent=\"38\">Szukam pracy<\/option><option value=\"43\" data-level=\"1\" data-parent=\"38\">Praca za granic\u0105<\/option><option value=\"44\" data-level=\"1\" data-parent=\"38\">Sta\u017ce i praktyki<\/option><option value=\"39\">Motoryzacja<\/option><option value=\"40\">Us\u0142ugi<\/option><option value=\"23\">Sprzedam<\/option><option value=\"31\">Inne<\/option><\/select><\/div><\/div><div class=\"hp-form__footer\"><button type=\"submit\" class=\"hp-form__button button-primary alt button hp-field hp-field--submit\"><span>Szukaj<\/span><\/button><\/div><\/form>\n\n\n<div style=\"height:1px\" aria-hidden=\"true\" class=\"wp-block-spacer\"><\/div>\n\n\n\n<h2 class=\"wp-block-heading has-text-align-center content-title\">Kategorie<\/h2>\n\n\n\n<div class=\"wp-block-columns is-layout-flex wp-container-core-columns-is-layout-9d6595d7 wp-block-columns-is-layout-flex\">\n<div class=\"wp-block-column is-layout-flow wp-block-column-is-layout-flow\" style=\"flex-basis:100%\"> <div class=\"hp-listing-categories hp-grid hp-block\"><div class=\"hp-row\"><div class=\"hp-grid__item hp-col-sm-4 hp-col-xs-12\"><article class=\"hp-listing-category hp-listing-category--view-block\"><header class=\"hp-listing-category__header\"><div class=\"hp-listing-category__image\">\n\t<a href=\"https:\/\/ogloszenia.jaslo.info\/?hp_listing_category=nieruchomosci-jaslo\">\n\t\t\t\t\t<img decoding=\"async\" src=\"https:\/\/ogloszenia.jaslo.info\/wp-content\/uploads\/2025\/05\/nieruchomosci-jaslo-400x533.jpg\" alt=\"Nieruchomo\u015bci\" loading=\"lazy\">\n\t\t\t<\/a>\n<\/div>\n<div class=\"hp-listing-category__item-count hp-listing-category__count\">0 og\u0142osze\u0144<\/div>\n<\/header><div class=\"hp-listing-category__content\"><h3 class=\"hp-listing-category__name\"><a href=\"https:\/\/ogloszenia.jaslo.info\/?hp_listing_category=nieruchomosci-jaslo\">Nieruchomo\u015bci<\/a>\n<\/h3><div class=\"hp-listing-category__details hp-listing-category__details--primary\"><\/div><\/div><\/article><\/div><div class=\"hp-grid__item hp-col-sm-4 hp-col-xs-12\"><article class=\"hp-listing-category hp-listing-category--view-block\"><header class=\"hp-listing-category__header\"><div class=\"hp-listing-category__image\">\n\t<a href=\"https:\/\/ogloszenia.jaslo.info\/?hp_listing_category=praca-jaslo\">\n\t\t\t\t\t<img decoding=\"async\" src=\"https:\/\/ogloszenia.jaslo.info\/wp-content\/uploads\/2025\/05\/jaslo-praca1-400x533.jpg\" alt=\"Praca\" loading=\"lazy\">\n\t\t\t<\/a>\n<\/div>\n<div class=\"hp-listing-category__item-count hp-listing-category__count\">15 og\u0142osze\u0144<\/div>\n<\/header><div class=\"hp-listing-category__content\"><h3 class=\"hp-listing-category__name\"><a href=\"https:\/\/ogloszenia.jaslo.info\/?hp_listing_category=praca-jaslo\">Praca<\/a>\n<\/h3><div class=\"hp-listing-category__details hp-listing-category__details--primary\"><\/div><\/div><\/article><\/div><div class=\"hp-grid__item hp-col-sm-4 hp-col-xs-12\"><article class=\"hp-listing-category hp-listing-category--view-block\"><header class=\"hp-listing-category__header\"><div class=\"hp-listing-category__image\">\n\t<a href=\"https:\/\/ogloszenia.jaslo.info\/?hp_listing_category=motoryzacja-jaslo\">\n\t\t\t\t\t<img decoding=\"async\" src=\"https:\/\/ogloszenia.jaslo.info\/wp-content\/uploads\/2025\/03\/motoryzacja-jaslo-400x533.jpg\" alt=\"Motoryzacja\" loading=\"lazy\">\n\t\t\t<\/a>\n<\/div>\n<div class=\"hp-listing-category__item-count hp-listing-category__count\">1 og\u0142oszenie<\/div>\n<\/header><div class=\"hp-listing-category__content\"><h3 class=\"hp-listing-category__name\"><a href=\"https:\/\/ogloszenia.jaslo.info\/?hp_listing_category=motoryzacja-jaslo\">Motoryzacja<\/a>\n<\/h3><div class=\"hp-listing-category__details hp-listing-category__details--primary\"><\/div><\/div><\/article><\/div><div class=\"hp-grid__item hp-col-sm-4 hp-col-xs-12\"><article class=\"hp-listing-category hp-listing-category--view-block\"><header class=\"hp-listing-category__header\"><div class=\"hp-listing-category__image\">\n\t<a href=\"https:\/\/ogloszenia.jaslo.info\/?hp_listing_category=uslugi\">\n\t\t\t\t\t<img decoding=\"async\" src=\"https:\/\/ogloszenia.jaslo.info\/wp-content\/uploads\/2025\/05\/uslugi-400x533.jpg\" alt=\"Us\u0142ugi\" loading=\"lazy\">\n\t\t\t<\/a>\n<\/div>\n<div class=\"hp-listing-category__item-count hp-listing-category__count\">19 og\u0142osze\u0144<\/div>\n<\/header><div class=\"hp-listing-category__content\"><h3 class=\"hp-listing-category__name\"><a href=\"https:\/\/ogloszenia.jaslo.info\/?hp_listing_category=uslugi\">Us\u0142ugi<\/a>\n<\/h3><div class=\"hp-listing-category__details hp-listing-category__details--primary\"><\/div><\/div><\/article><\/div><div class=\"hp-grid__item hp-col-sm-4 hp-col-xs-12\"><article class=\"hp-listing-category hp-listing-category--view-block\"><header class=\"hp-listing-category__header\"><div class=\"hp-listing-category__image\">\n\t<a href=\"https:\/\/ogloszenia.jaslo.info\/?hp_listing_category=sprzedam\">\n\t\t\t\t\t<img decoding=\"async\" src=\"https:\/\/ogloszenia.jaslo.info\/wp-content\/uploads\/2021\/11\/image-22-400x533.jpg\" alt=\"Sprzedam\" loading=\"lazy\">\n\t\t\t<\/a>\n<\/div>\n<div class=\"hp-listing-category__item-count hp-listing-category__count\">1 og\u0142oszenie<\/div>\n<\/header><div class=\"hp-listing-category__content\"><h3 class=\"hp-listing-category__name\"><a href=\"https:\/\/ogloszenia.jaslo.info\/?hp_listing_category=sprzedam\">Sprzedam<\/a>\n<\/h3><div class=\"hp-listing-category__details hp-listing-category__details--primary\"><\/div><\/div><\/article><\/div><div class=\"hp-grid__item hp-col-sm-4 hp-col-xs-12\"><article class=\"hp-listing-category hp-listing-category--view-block\"><header class=\"hp-listing-category__header\"><div class=\"hp-listing-category__image\">\n\t<a href=\"https:\/\/ogloszenia.jaslo.info\/?hp_listing_category=inne\">\n\t\t\t\t\t<img decoding=\"async\" src=\"https:\/\/ogloszenia.jaslo.info\/wp-content\/uploads\/2021\/11\/image-21-400x533.jpg\" alt=\"Inne\" loading=\"lazy\">\n\t\t\t<\/a>\n<\/div>\n<div class=\"hp-listing-category__item-count hp-listing-category__count\">1 og\u0142oszenie<\/div>\n<\/header><div class=\"hp-listing-category__content\"><h3 class=\"hp-listing-category__name\"><a href=\"https:\/\/ogloszenia.jaslo.info\/?hp_listing_category=inne\">Inne<\/a>\n<\/h3><div class=\"hp-listing-category__details hp-listing-category__details--primary\"><\/div><\/div><\/article><\/div><\/div><\/div><\/div>\n<\/div>\n\n\n\n<h2 class=\"wp-block-heading has-text-align-center content-title\">Ostatnio dodane<\/h2>\n\n\n <div class=\"hp-listings hp-block hp-grid\"><div class=\"hp-row\"><div class=\"hp-grid__item hp-col-sm-4 hp-col-xs-12\"><article class=\"hp-listing hp-listing--view-block\"><header class=\"hp-listing__header\"><div class=\"hp-listing__image\" data-component=\"carousel-slider\" data-preview=\"false\" data-aspect-ratio=\"\" data-url=\"https:\/\/ogloszenia.jaslo.info\/?hp_listing=tanie-strony-www-projekt-wstepny-strony-internetowej-za-darmo-bonus\">\n\t\t\t<a href=\"https:\/\/ogloszenia.jaslo.info\/?hp_listing=tanie-strony-www-projekt-wstepny-strony-internetowej-za-darmo-bonus\">\n\t\t\t\t\t\t\t<img decoding=\"async\" src=\"https:\/\/ogloszenia.jaslo.info\/wp-content\/uploads\/2026\/04\/projektowanie-stron-www-400x300.jpg\" alt=\"Tanie strony WWW + projekt wst\u0119pny strony internetowej za darmo + BONUS\" loading=\"lazy\">\n\t\t\t\t\t<\/a>\n\t<\/div>\n<\/header><div class=\"hp-listing__content\">\t<div class=\"hp-listing__categories hp-listing__category\">\n\t\t\t\t\t<a href=\"https:\/\/ogloszenia.jaslo.info\/?hp_listing_category=uslugi\">Us\u0142ugi<\/a>\n\t\t\t<\/div>\n\t<h4 class=\"hp-listing__title\"><a href=\"https:\/\/ogloszenia.jaslo.info\/?hp_listing=tanie-strony-www-projekt-wstepny-strony-internetowej-za-darmo-bonus\">Tanie strony WWW + projekt wst\u0119pny strony internetowej za darmo + BONUS<\/a>\n<\/h4><div class=\"hp-listing__details hp-listing__details--primary\">\t<div class=\"hp-listing__location\">\n\t\t<i class=\"hp-icon fas fa-map-marker-alt\"><\/i>\n\t\t\t\t\t<a href=\"https:\/\/www.google.com\/maps\/search\/?api=1&#038;query=,\" target=\"_blank\">ca\u0142a Polska<\/a>\n\t\t\t<\/div>\n\t<time class=\"hp-listing__created-date hp-listing__date hp-meta\" datetime=\"2026-04-01 04:20:48\">\n\tDodane 1 kwietnia, 2026<\/time>\n<\/div><\/div><footer class=\"hp-listing__footer\"><div class=\"hp-block hp-listing__attributes hp-listing__attributes--primary\"><div class=\"hp-listing__attribute hp-listing__attribute--cena\">590 z\u0142<\/div><\/div><div class=\"hp-listing__actions hp-listing__actions--primary\"><a href=\"#user_login_modal\" title=\"Odpowied\u017a na og\u0142oszenie\" class=\"hp-listing__action hp-listing__action--message\"><i class=\"hp-icon fas fa-comment\"><\/i><\/a>\n<a class=\"hp-listing__action hp-listing__action--favorite\" href=\"#user_login_modal\"><i class=\"hp-icon fas fa-heart\"><\/i><\/a><\/div><\/footer><\/article><\/div><div class=\"hp-grid__item hp-col-sm-4 hp-col-xs-12\"><article class=\"hp-listing hp-listing--view-block\"><header class=\"hp-listing__header\"><div class=\"hp-listing__image\" data-component=\"carousel-slider\" data-preview=\"false\" data-aspect-ratio=\"\" data-url=\"https:\/\/ogloszenia.jaslo.info\/?hp_listing=szukasz-opieki-dla-bliskiej-osoby-starszej-opieka-24h-z-zamieszkaniem\">\n\t\t\t<a href=\"https:\/\/ogloszenia.jaslo.info\/?hp_listing=szukasz-opieki-dla-bliskiej-osoby-starszej-opieka-24h-z-zamieszkaniem\">\n\t\t\t\t\t\t\t<img decoding=\"async\" src=\"https:\/\/ogloszenia.jaslo.info\/wp-content\/uploads\/2026\/03\/1-opieka-nad-seniorami-400x300.jpg\" alt=\"Szukasz opieki dla bliskiej osoby starszej? Opieka 24h z zamieszkaniem\" loading=\"lazy\">\n\t\t\t\t\t<\/a>\n\t<\/div>\n<\/header><div class=\"hp-listing__content\">\t<div class=\"hp-listing__categories hp-listing__category\">\n\t\t\t\t\t<a href=\"https:\/\/ogloszenia.jaslo.info\/?hp_listing_category=uslugi\">Us\u0142ugi<\/a>\n\t\t\t<\/div>\n\t<h4 class=\"hp-listing__title\"><a href=\"https:\/\/ogloszenia.jaslo.info\/?hp_listing=szukasz-opieki-dla-bliskiej-osoby-starszej-opieka-24h-z-zamieszkaniem\">Szukasz opieki dla bliskiej osoby starszej? Opieka 24h z zamieszkaniem<\/a>\n<\/h4><div class=\"hp-listing__details hp-listing__details--primary\">\t<div class=\"hp-listing__location\">\n\t\t<i class=\"hp-icon fas fa-map-marker-alt\"><\/i>\n\t\t\t\t\t<a href=\"https:\/\/www.google.com\/maps\/search\/?api=1&#038;query=,\" target=\"_blank\">ca\u0142a Polska<\/a>\n\t\t\t<\/div>\n\t<time class=\"hp-listing__created-date hp-listing__date hp-meta\" datetime=\"2026-03-28 06:30:05\">\n\tDodane 28 marca, 2026<\/time>\n<\/div><\/div><footer class=\"hp-listing__footer\"><div class=\"hp-block hp-listing__attributes hp-listing__attributes--primary\"><div class=\"hp-listing__attribute hp-listing__attribute--cena\">6&nbsp;750 z\u0142<\/div><\/div><div class=\"hp-listing__actions hp-listing__actions--primary\"><a href=\"#user_login_modal\" title=\"Odpowied\u017a na og\u0142oszenie\" class=\"hp-listing__action hp-listing__action--message\"><i class=\"hp-icon fas fa-comment\"><\/i><\/a>\n<a class=\"hp-listing__action hp-listing__action--favorite\" href=\"#user_login_modal\"><i class=\"hp-icon fas fa-heart\"><\/i><\/a><\/div><\/footer><\/article><\/div><div class=\"hp-grid__item hp-col-sm-4 hp-col-xs-12\"><article class=\"hp-listing hp-listing--view-block\"><header class=\"hp-listing__header\"><div class=\"hp-listing__image\" data-component=\"carousel-slider\" data-preview=\"false\" data-aspect-ratio=\"\" data-url=\"https:\/\/ogloszenia.jaslo.info\/?hp_listing=polski-wegiel-groszek-certyfikowany-piast-wola-26-28-mj-bezplatna-dostawa\">\n\t\t\t\t\t<img decoding=\"async\" src=\"https:\/\/ogloszenia.jaslo.info\/wp-content\/uploads\/2026\/03\/Polski-Wegiel-Groszek-Certyfikowany-1-400x300.jpeg\" alt=\"Polski W\u0119giel Groszek Certyfikowany PIAST (WOLA) 26-28 MJ - BEZP\u0141ATNA DOSTAWA\" loading=\"lazy\">\n\t\t\t\t\t\t\t\t<img decoding=\"async\" src=\"https:\/\/ogloszenia.jaslo.info\/wp-content\/uploads\/2026\/03\/Polski-Wegiel-Groszek-Certyfikowany-2-400x300.jpeg\" alt=\"Polski W\u0119giel Groszek Certyfikowany PIAST (WOLA) 26-28 MJ - BEZP\u0141ATNA DOSTAWA\" loading=\"lazy\">\n\t\t\t\t\t\t\t\t<img decoding=\"async\" src=\"https:\/\/ogloszenia.jaslo.info\/wp-content\/uploads\/2026\/03\/Polski-Wegiel-Groszek-Certyfikowany-3-400x300.jpeg\" alt=\"Polski W\u0119giel Groszek Certyfikowany PIAST (WOLA) 26-28 MJ - BEZP\u0141ATNA DOSTAWA\" loading=\"lazy\">\n\t\t\t\t<\/div>\n<\/header><div class=\"hp-listing__content\">\t<div class=\"hp-listing__categories hp-listing__category\">\n\t\t\t\t\t<a href=\"https:\/\/ogloszenia.jaslo.info\/?hp_listing_category=sprzedam\">Sprzedam<\/a>\n\t\t\t<\/div>\n\t<h4 class=\"hp-listing__title\"><a href=\"https:\/\/ogloszenia.jaslo.info\/?hp_listing=polski-wegiel-groszek-certyfikowany-piast-wola-26-28-mj-bezplatna-dostawa\">Polski W\u0119giel Groszek Certyfikowany PIAST (WOLA) 26-28 MJ &#8211; BEZP\u0141ATNA DOSTAWA<\/a>\n<\/h4><div class=\"hp-listing__details hp-listing__details--primary\">\t<div class=\"hp-listing__location\">\n\t\t<i class=\"hp-icon fas fa-map-marker-alt\"><\/i>\n\t\t\t\t\t<a href=\"https:\/\/www.google.com\/maps\/search\/?api=1&#038;query=,\" target=\"_blank\">Podkarpackie<\/a>\n\t\t\t<\/div>\n\t<time class=\"hp-listing__created-date hp-listing__date hp-meta\" datetime=\"2026-03-24 04:27:24\">\n\tDodane 24 marca, 2026<\/time>\n<\/div><div class=\"hp-block hp-listing__attributes hp-listing__attributes--secondary\"><div class=\"hp-row\"><div class=\"hp-col-lg-6 hp-col-xs-12\"><div class=\"hp-listing__attribute hp-listing__attribute--condition\"><strong>Stan<\/strong>: New<\/div><\/div><\/div><\/div><\/div><footer class=\"hp-listing__footer\"><div class=\"hp-block hp-listing__attributes hp-listing__attributes--primary\"><div class=\"hp-listing__attribute hp-listing__attribute--cena\">1&nbsp;350 z\u0142<\/div><\/div><div class=\"hp-listing__actions hp-listing__actions--primary\"><a href=\"#user_login_modal\" title=\"Odpowied\u017a na og\u0142oszenie\" class=\"hp-listing__action hp-listing__action--message\"><i class=\"hp-icon fas fa-comment\"><\/i><\/a>\n<a class=\"hp-listing__action hp-listing__action--favorite\" href=\"#user_login_modal\"><i class=\"hp-icon fas fa-heart\"><\/i><\/a><\/div><\/footer><\/article><\/div><\/div><\/div>","protected":false},"excerpt":{"rendered":"<p>Znajd\u017a wszystko, czego potrzebujesz<\/p>\n","protected":false},"author":1,"featured_media":0,"parent":0,"menu_order":0,"comment_status":"closed","ping_status":"closed","template":"","meta":{"footnotes":""},"class_list":["post-2538","page","type-page","status-publish","hentry"],"yoast_head":"<!-- This site is optimized with the Yoast SEO plugin v27.4 - https:\/\/yoast.com\/product\/yoast-seo-wordpress\/ -->\n<title>Og\u0142oszenia Jas\u0142o. Praca, nieruchomo\u015bci, motoryzacja, us\u0142ugi i inne<\/title>\n<meta name=\"robots\" content=\"index, follow, max-snippet:-1, max-image-preview:large, max-video-preview:-1\" \/>\n<link rel=\"canonical\" href=\"https:\/\/ogloszenia.jaslo.info\/\" \/>\n<meta property=\"og:locale\" content=\"pl_PL\" \/>\n<meta property=\"og:type\" content=\"article\" \/>\n<meta property=\"og:title\" content=\"Og\u0142oszenia Jas\u0142o. Praca, nieruchomo\u015bci, motoryzacja, us\u0142ugi i inne\" \/>\n<meta property=\"og:description\" content=\"Znajd\u017a wszystko, czego potrzebujesz\" \/>\n<meta property=\"og:url\" content=\"https:\/\/ogloszenia.jaslo.info\/\" \/>\n<meta property=\"og:site_name\" content=\"Og\u0142oszenia Jas\u0142o\" \/>\n<meta property=\"article:modified_time\" content=\"2025-05-04T19:38:52+00:00\" \/>\n<meta name=\"twitter:card\" content=\"summary_large_image\" \/>\n<meta name=\"twitter:label1\" content=\"Szacowany czas czytania\" \/>\n\t<meta name=\"twitter:data1\" content=\"1 minuta\" \/>\n<script type=\"application\/ld+json\" class=\"yoast-schema-graph\">{\"@context\":\"https:\\\/\\\/schema.org\",\"@graph\":[{\"@type\":\"WebPage\",\"@id\":\"https:\\\/\\\/ogloszenia.jaslo.info\\\/\",\"url\":\"https:\\\/\\\/ogloszenia.jaslo.info\\\/\",\"name\":\"Og\u0142oszenia Jas\u0142o. Praca, nieruchomo\u015bci, motoryzacja, us\u0142ugi i inne\",\"isPartOf\":{\"@id\":\"https:\\\/\\\/ogloszenia.jaslo.info\\\/#website\"},\"datePublished\":\"2021-10-19T17:03:52+00:00\",\"dateModified\":\"2025-05-04T19:38:52+00:00\",\"breadcrumb\":{\"@id\":\"https:\\\/\\\/ogloszenia.jaslo.info\\\/#breadcrumb\"},\"inLanguage\":\"pl-PL\",\"potentialAction\":[{\"@type\":\"ReadAction\",\"target\":[\"https:\\\/\\\/ogloszenia.jaslo.info\\\/\"]}]},{\"@type\":\"BreadcrumbList\",\"@id\":\"https:\\\/\\\/ogloszenia.jaslo.info\\\/#breadcrumb\",\"itemListElement\":[{\"@type\":\"ListItem\",\"position\":1,\"name\":\"Strona g\u0142\u00f3wna\",\"item\":\"https:\\\/\\\/ogloszenia.jaslo.info\\\/\"},{\"@type\":\"ListItem\",\"position\":2,\"name\":\"Home\"}]},{\"@type\":\"WebSite\",\"@id\":\"https:\\\/\\\/ogloszenia.jaslo.info\\\/#website\",\"url\":\"https:\\\/\\\/ogloszenia.jaslo.info\\\/\",\"name\":\"Og\u0142oszenia Jas\u0142o\",\"description\":\"\",\"publisher\":{\"@id\":\"https:\\\/\\\/ogloszenia.jaslo.info\\\/#organization\"},\"potentialAction\":[{\"@type\":\"SearchAction\",\"target\":{\"@type\":\"EntryPoint\",\"urlTemplate\":\"https:\\\/\\\/ogloszenia.jaslo.info\\\/?s={search_term_string}\"},\"query-input\":{\"@type\":\"PropertyValueSpecification\",\"valueRequired\":true,\"valueName\":\"search_term_string\"}}],\"inLanguage\":\"pl-PL\"},{\"@type\":\"Organization\",\"@id\":\"https:\\\/\\\/ogloszenia.jaslo.info\\\/#organization\",\"name\":\"Og\u0142oszenia Jas\u0142o\",\"url\":\"https:\\\/\\\/ogloszenia.jaslo.info\\\/\",\"logo\":{\"@type\":\"ImageObject\",\"inLanguage\":\"pl-PL\",\"@id\":\"https:\\\/\\\/ogloszenia.jaslo.info\\\/#\\\/schema\\\/logo\\\/image\\\/\",\"url\":\"https:\\\/\\\/ogloszenia.jaslo.info\\\/wp-content\\\/uploads\\\/2025\\\/04\\\/cropped-logo-j.jpg\",\"contentUrl\":\"https:\\\/\\\/ogloszenia.jaslo.info\\\/wp-content\\\/uploads\\\/2025\\\/04\\\/cropped-logo-j.jpg\",\"width\":177,\"height\":40,\"caption\":\"Og\u0142oszenia Jas\u0142o\"},\"image\":{\"@id\":\"https:\\\/\\\/ogloszenia.jaslo.info\\\/#\\\/schema\\\/logo\\\/image\\\/\"}}]}<\/script>\n<!-- \/ Yoast SEO plugin. -->","yoast_head_json":{"title":"Og\u0142oszenia Jas\u0142o. Praca, nieruchomo\u015bci, motoryzacja, us\u0142ugi i inne","robots":{"index":"index","follow":"follow","max-snippet":"max-snippet:-1","max-image-preview":"max-image-preview:large","max-video-preview":"max-video-preview:-1"},"canonical":"https:\/\/ogloszenia.jaslo.info\/","og_locale":"pl_PL","og_type":"article","og_title":"Og\u0142oszenia Jas\u0142o. Praca, nieruchomo\u015bci, motoryzacja, us\u0142ugi i inne","og_description":"Znajd\u017a wszystko, czego potrzebujesz","og_url":"https:\/\/ogloszenia.jaslo.info\/","og_site_name":"Og\u0142oszenia Jas\u0142o","article_modified_time":"2025-05-04T19:38:52+00:00","twitter_card":"summary_large_image","twitter_misc":{"Szacowany czas czytania":"1 minuta"},"schema":{"@context":"https:\/\/schema.org","@graph":[{"@type":"WebPage","@id":"https:\/\/ogloszenia.jaslo.info\/","url":"https:\/\/ogloszenia.jaslo.info\/","name":"Og\u0142oszenia Jas\u0142o. Praca, nieruchomo\u015bci, motoryzacja, us\u0142ugi i inne","isPartOf":{"@id":"https:\/\/ogloszenia.jaslo.info\/#website"},"datePublished":"2021-10-19T17:03:52+00:00","dateModified":"2025-05-04T19:38:52+00:00","breadcrumb":{"@id":"https:\/\/ogloszenia.jaslo.info\/#breadcrumb"},"inLanguage":"pl-PL","potentialAction":[{"@type":"ReadAction","target":["https:\/\/ogloszenia.jaslo.info\/"]}]},{"@type":"BreadcrumbList","@id":"https:\/\/ogloszenia.jaslo.info\/#breadcrumb","itemListElement":[{"@type":"ListItem","position":1,"name":"Strona g\u0142\u00f3wna","item":"https:\/\/ogloszenia.jaslo.info\/"},{"@type":"ListItem","position":2,"name":"Home"}]},{"@type":"WebSite","@id":"https:\/\/ogloszenia.jaslo.info\/#website","url":"https:\/\/ogloszenia.jaslo.info\/","name":"Og\u0142oszenia Jas\u0142o","description":"","publisher":{"@id":"https:\/\/ogloszenia.jaslo.info\/#organization"},"potentialAction":[{"@type":"SearchAction","target":{"@type":"EntryPoint","urlTemplate":"https:\/\/ogloszenia.jaslo.info\/?s={search_term_string}"},"query-input":{"@type":"PropertyValueSpecification","valueRequired":true,"valueName":"search_term_string"}}],"inLanguage":"pl-PL"},{"@type":"Organization","@id":"https:\/\/ogloszenia.jaslo.info\/#organization","name":"Og\u0142oszenia Jas\u0142o","url":"https:\/\/ogloszenia.jaslo.info\/","logo":{"@type":"ImageObject","inLanguage":"pl-PL","@id":"https:\/\/ogloszenia.jaslo.info\/#\/schema\/logo\/image\/","url":"https:\/\/ogloszenia.jaslo.info\/wp-content\/uploads\/2025\/04\/cropped-logo-j.jpg","contentUrl":"https:\/\/ogloszenia.jaslo.info\/wp-content\/uploads\/2025\/04\/cropped-logo-j.jpg","width":177,"height":40,"caption":"Og\u0142oszenia Jas\u0142o"},"image":{"@id":"https:\/\/ogloszenia.jaslo.info\/#\/schema\/logo\/image\/"}}]}},"_links":{"self":[{"href":"https:\/\/ogloszenia.jaslo.info\/index.php?rest_route=\/wp\/v2\/pages\/2538","targetHints":{"allow":["GET"]}}],"collection":[{"href":"https:\/\/ogloszenia.jaslo.info\/index.php?rest_route=\/wp\/v2\/pages"}],"about":[{"href":"https:\/\/ogloszenia.jaslo.info\/index.php?rest_route=\/wp\/v2\/types\/page"}],"author":[{"embeddable":true,"href":"https:\/\/ogloszenia.jaslo.info\/index.php?rest_route=\/wp\/v2\/users\/1"}],"replies":[{"embeddable":true,"href":"https:\/\/ogloszenia.jaslo.info\/index.php?rest_route=%2Fwp%2Fv2%2Fcomments&post=2538"}],"version-history":[{"count":9,"href":"https:\/\/ogloszenia.jaslo.info\/index.php?rest_route=\/wp\/v2\/pages\/2538\/revisions"}],"predecessor-version":[{"id":2651,"href":"https:\/\/ogloszenia.jaslo.info\/index.php?rest_route=\/wp\/v2\/pages\/2538\/revisions\/2651"}],"wp:attachment":[{"href":"https:\/\/ogloszenia.jaslo.info\/index.php?rest_route=%2Fwp%2Fv2%2Fmedia&parent=2538"}],"curies":[{"name":"wp","href":"https:\/\/api.w.org\/{rel}","templated":true}]}}